{"id":204,"date":"2022-11-15T10:51:58","date_gmt":"2022-11-15T10:51:58","guid":{"rendered":"http:\/\/nomade-webdesign.com\/?page_id=204"},"modified":"2026-02-09T11:17:38","modified_gmt":"2026-02-09T11:17:38","slug":"about-me","status":"publish","type":"page","link":"https:\/\/nomade-webdesign.com\/es\/about-me\/","title":{"rendered":"About me"},"content":{"rendered":"<div data-elementor-type=\"wp-page\" data-elementor-id=\"204\" class=\"elementor elementor-204\" data-elementor-post-type=\"page\">\n\t\t\t\t\t\t<section class=\"elementor-section elementor-top-section elementor-element elementor-element-016daf3 elementor-section-boxed elementor-section-height-default elementor-section-height-default\" data-id=\"016daf3\" data-element_type=\"section\">\n\t\t\t\t\t\t<div class=\"elementor-container elementor-column-gap-default\">\n\t\t\t\t\t<div class=\"elementor-column elementor-col-100 elementor-top-column elementor-element elementor-element-eb333b9\" data-id=\"eb333b9\" data-element_type=\"column\">\n\t\t\t<div class=\"elementor-widget-wrap elementor-element-populated\">\n\t\t\t\t\t\t<div class=\"elementor-element elementor-element-1a7aa31 elementor-nav-menu__text-align-center elementor-hidden-desktop elementor-widget-mobile__width-initial elementor-nav-menu--dropdown-tablet elementor-nav-menu--toggle elementor-nav-menu--burger elementor-widget elementor-widget-nav-menu\" data-id=\"1a7aa31\" data-element_type=\"widget\" data-settings=\"{&quot;layout&quot;:&quot;horizontal&quot;,&quot;submenu_icon&quot;:{&quot;value&quot;:&quot;&lt;i class=\\&quot;fas fa-caret-down\\&quot; aria-hidden=\\&quot;true\\&quot;&gt;&lt;\\\/i&gt;&quot;,&quot;library&quot;:&quot;fa-solid&quot;},&quot;toggle&quot;:&quot;burger&quot;}\" data-widget_type=\"nav-menu.default\">\n\t\t\t\t<div class=\"elementor-widget-container\">\n\t\t\t\t\t\t\t\t<nav aria-label=\"Menu\" class=\"elementor-nav-menu--main elementor-nav-menu__container elementor-nav-menu--layout-horizontal e--pointer-underline e--animation-fade\">\n\t\t\t\t<ul id=\"menu-1-1a7aa31\" class=\"elementor-nav-menu\"><li class=\"menu-item menu-item-type-post_type menu-item-object-page menu-item-home menu-item-4728\"><a href=\"https:\/\/nomade-webdesign.com\/es\/\" class=\"elementor-item\">Accueil<\/a><\/li>\n<li class=\"menu-item menu-item-type-post_type menu-item-object-page menu-item-206\"><a href=\"https:\/\/nomade-webdesign.com\/es\/about-me\/\" class=\"elementor-item\">About me<\/a><\/li>\n<\/ul>\t\t\t<\/nav>\n\t\t\t\t\t<div class=\"elementor-menu-toggle\" role=\"button\" tabindex=\"0\" aria-label=\"Menu Toggle\" aria-expanded=\"false\">\n\t\t\t<i aria-hidden=\"true\" role=\"presentation\" class=\"elementor-menu-toggle__icon--open eicon-menu-bar\"><\/i><i aria-hidden=\"true\" role=\"presentation\" class=\"elementor-menu-toggle__icon--close eicon-close\"><\/i>\t\t<\/div>\n\t\t\t\t\t<nav class=\"elementor-nav-menu--dropdown elementor-nav-menu__container\" aria-hidden=\"true\">\n\t\t\t\t<ul id=\"menu-2-1a7aa31\" class=\"elementor-nav-menu\"><li class=\"menu-item menu-item-type-post_type menu-item-object-page menu-item-home menu-item-4728\"><a href=\"https:\/\/nomade-webdesign.com\/es\/\" class=\"elementor-item\" tabindex=\"-1\">Accueil<\/a><\/li>\n<li class=\"menu-item menu-item-type-post_type menu-item-object-page menu-item-206\"><a href=\"https:\/\/nomade-webdesign.com\/es\/about-me\/\" class=\"elementor-item\" tabindex=\"-1\">About me<\/a><\/li>\n<\/ul>\t\t\t<\/nav>\n\t\t\t\t\t\t<\/div>\n\t\t\t\t<\/div>\n\t\t\t\t\t<\/div>\n\t\t<\/div>\n\t\t\t\t\t<\/div>\n\t\t<\/section>\n\t\t\t\t<section class=\"elementor-section elementor-top-section elementor-element elementor-element-13f90ba5 elementor-section-content-middle elementor-section-boxed elementor-section-height-default elementor-section-height-default\" data-id=\"13f90ba5\" data-element_type=\"section\">\n\t\t\t\t\t\t<div class=\"elementor-container elementor-column-gap-no\">\n\t\t\t\t\t<div class=\"elementor-column elementor-col-50 elementor-top-column elementor-element elementor-element-2f62c3f\" data-id=\"2f62c3f\" data-element_type=\"column\">\n\t\t\t<div class=\"elementor-widget-wrap elementor-element-populated\">\n\t\t\t\t\t\t<div class=\"elementor-element elementor-element-6602baac elementor-widget-tablet__width-initial elementor-widget__width-initial elementor-widget elementor-widget-image\" data-id=\"6602baac\" data-element_type=\"widget\" data-widget_type=\"image.default\">\n\t\t\t\t<div class=\"elementor-widget-container\">\n\t\t\t\t\t\t\t\t\t\t\t\t\t\t\t<img fetchpriority=\"high\" decoding=\"async\" width=\"800\" height=\"238\" src=\"https:\/\/nomade-webdesign.com\/wp-content\/uploads\/2024\/04\/UI-UX-DESIGN-1024x304.png\" class=\"attachment-large size-large wp-image-4756\" alt=\"\" srcset=\"https:\/\/nomade-webdesign.com\/wp-content\/uploads\/2024\/04\/UI-UX-DESIGN-1024x304.png 1024w, https:\/\/nomade-webdesign.com\/wp-content\/uploads\/2024\/04\/UI-UX-DESIGN-300x89.png 300w, https:\/\/nomade-webdesign.com\/wp-content\/uploads\/2024\/04\/UI-UX-DESIGN-768x228.png 768w, https:\/\/nomade-webdesign.com\/wp-content\/uploads\/2024\/04\/UI-UX-DESIGN-1536x455.png 1536w, https:\/\/nomade-webdesign.com\/wp-content\/uploads\/2024\/04\/UI-UX-DESIGN-2048x607.png 2048w\" sizes=\"(max-width: 800px) 100vw, 800px\" \/>\t\t\t\t\t\t\t\t\t\t\t\t\t\t\t<\/div>\n\t\t\t\t<\/div>\n\t\t\t\t<div class=\"elementor-element elementor-element-601c20ab elementor-widget__width-initial elementor-widget elementor-widget-text-editor\" data-id=\"601c20ab\" data-element_type=\"widget\" data-widget_type=\"text-editor.default\">\n\t\t\t\t<div class=\"elementor-widget-container\">\n\t\t\t\t\t\t\t\t\t<p data-start=\"368\" data-end=\"558\">Chilienne d\u2019origine, install\u00e9e en France depuis 2019, je suis <strong data-start=\"430\" data-end=\"448\">Designer UI\/UX<\/strong> passionn\u00e9e par la cr\u00e9ation d\u2019exp\u00e9riences digitales <strong data-start=\"500\" data-end=\"557\">intuitives, esth\u00e9tiques et centr\u00e9es sur l\u2019utilisateur<\/strong>.<\/p><p data-start=\"560\" data-end=\"816\">Mon parcours d\u00e9bute dans le journalisme, o\u00f9 j\u2019ai travaill\u00e9 comme reporter pour un quotidien pendant <strong data-start=\"660\" data-end=\"672\">deux ans<\/strong>. Cette exp\u00e9rience m\u2019a permis de d\u00e9velopper un fort sens de l\u2019analyse, de la narration et une excellente compr\u00e9hension des besoins utilisateurs.<\/p><p data-start=\"818\" data-end=\"1142\">J\u2019ai ensuite \u00e9volu\u00e9 vers la <strong data-start=\"846\" data-end=\"889\">gestion de projets en d\u00e9veloppement web<\/strong> pendant <strong data-start=\"898\" data-end=\"910\">sept ans<\/strong>, au sein d\u2019une agence sp\u00e9cialis\u00e9e dans le secteur m\u00e9dical. J\u2019y ai collabor\u00e9 avec des entreprises telles que <strong data-start=\"1019\" data-end=\"1048\">Consalud Chili (mutuelle)<\/strong> y <strong data-start=\"1052\" data-end=\"1078\">Bayer (pharmaceutique)<\/strong>, contribuant \u00e0 la conception de solutions digitales innovantes.<\/p><p data-start=\"1144\" data-end=\"1335\">Aujourd\u2019hui, je mets ma cr\u00e9ativit\u00e9, mon sens du d\u00e9tail et ma vision strat\u00e9gique au service de <strong data-start=\"1238\" data-end=\"1273\">produits num\u00e9riques performants<\/strong>, en alliant design, fonctionnalit\u00e9 et exp\u00e9rience utilisateur.<\/p><p data-start=\"1337\" data-end=\"1436\"><strong data-start=\"1337\" data-end=\"1355\">Mon objectif :<\/strong> transformer des usages complexes en exp\u00e9riences simples, efficaces et agr\u00e9ables.<\/p>\t\t\t\t\t\t\t\t<\/div>\n\t\t\t\t<\/div>\n\t\t\t\t<div class=\"elementor-element elementor-element-d1ca23d elementor-icon-list--layout-traditional elementor-list-item-link-full_width elementor-widget elementor-widget-icon-list\" data-id=\"d1ca23d\" data-element_type=\"widget\" data-widget_type=\"icon-list.default\">\n\t\t\t\t<div class=\"elementor-widget-container\">\n\t\t\t\t\t\t\t<ul class=\"elementor-icon-list-items\">\n\t\t\t\t\t\t\t<li class=\"elementor-icon-list-item\">\n\t\t\t\t\t\t\t\t\t\t\t<span class=\"elementor-icon-list-icon\">\n\t\t\t\t\t\t\t<i aria-hidden=\"true\" class=\"fas fa-angle-right\"><\/i>\t\t\t\t\t\t<\/span>\n\t\t\t\t\t\t\t\t\t\t<span class=\"elementor-icon-list-text\">Master en Communication Sociale<\/span>\n\t\t\t\t\t\t\t\t\t<\/li>\n\t\t\t\t\t\t\t\t<li class=\"elementor-icon-list-item\">\n\t\t\t\t\t\t\t\t\t\t\t<span class=\"elementor-icon-list-icon\">\n\t\t\t\t\t\t\t<i aria-hidden=\"true\" class=\"fas fa-angle-right\"><\/i>\t\t\t\t\t\t<\/span>\n\t\t\t\t\t\t\t\t\t\t<span class=\"elementor-icon-list-text\">Licence en Journalisme<\/span>\n\t\t\t\t\t\t\t\t\t<\/li>\n\t\t\t\t\t\t\t\t<li class=\"elementor-icon-list-item\">\n\t\t\t\t\t\t\t\t\t\t\t<span class=\"elementor-icon-list-icon\">\n\t\t\t\t\t\t\t<i aria-hidden=\"true\" class=\"fas fa-chevron-right\"><\/i>\t\t\t\t\t\t<\/span>\n\t\t\t\t\t\t\t\t\t\t<span class=\"elementor-icon-list-text\">Licenciada en Concepcion de Diseno de interfaces UI de Campus du Lac, Bordeaux, Francia<\/span>\n\t\t\t\t\t\t\t\t\t<\/li>\n\t\t\t\t\t\t<\/ul>\n\t\t\t\t\t\t<\/div>\n\t\t\t\t<\/div>\n\t\t\t\t<div class=\"elementor-element elementor-element-5fddae36 e-grid-align-left elementor-shape-rounded elementor-grid-0 elementor-widget elementor-widget-social-icons\" data-id=\"5fddae36\" data-element_type=\"widget\" data-widget_type=\"social-icons.default\">\n\t\t\t\t<div class=\"elementor-widget-container\">\n\t\t\t\t\t\t\t<div class=\"elementor-social-icons-wrapper elementor-grid\" role=\"list\">\n\t\t\t\t\t\t\t<span class=\"elementor-grid-item\" role=\"listitem\">\n\t\t\t\t\t<a class=\"elementor-icon elementor-social-icon elementor-social-icon-linkedin elementor-repeater-item-7ee5c7d\" href=\"https:\/\/www.linkedin.com\/in\/valentina-burgos-bravo\/\" target=\"_blank\">\n\t\t\t\t\t\t<span class=\"elementor-screen-only\">Linkedin<\/span>\n\t\t\t\t\t\t<i aria-hidden=\"true\" class=\"fab fa-linkedin\"><\/i>\t\t\t\t\t<\/a>\n\t\t\t\t<\/span>\n\t\t\t\t\t\t\t<span class=\"elementor-grid-item\" role=\"listitem\">\n\t\t\t\t\t<a class=\"elementor-icon elementor-social-icon elementor-social-icon-instagram elementor-repeater-item-02edd7c\" href=\"https:\/\/www.instagram.com\/nomade.webdesign\/\" target=\"_blank\">\n\t\t\t\t\t\t<span class=\"elementor-screen-only\">Instagram<\/span>\n\t\t\t\t\t\t<i aria-hidden=\"true\" class=\"fab fa-instagram\"><\/i>\t\t\t\t\t<\/a>\n\t\t\t\t<\/span>\n\t\t\t\t\t\t\t<span class=\"elementor-grid-item\" role=\"listitem\">\n\t\t\t\t\t<a class=\"elementor-icon elementor-social-icon elementor-social-icon-envelope elementor-repeater-item-464ba55\" href=\"\" target=\"_blank\">\n\t\t\t\t\t\t<span class=\"elementor-screen-only\">Envelope<\/span>\n\t\t\t\t\t\t<i aria-hidden=\"true\" class=\"fas fa-envelope\"><\/i>\t\t\t\t\t<\/a>\n\t\t\t\t<\/span>\n\t\t\t\t\t<\/div>\n\t\t\t\t\t\t<\/div>\n\t\t\t\t<\/div>\n\t\t\t\t\t<\/div>\n\t\t<\/div>\n\t\t\t\t<div class=\"elementor-column elementor-col-50 elementor-top-column elementor-element elementor-element-71e6877\" data-id=\"71e6877\" data-element_type=\"column\">\n\t\t\t<div class=\"elementor-widget-wrap elementor-element-populated\">\n\t\t\t\t\t\t<div class=\"elementor-element elementor-element-7e01216 elementor-widget__width-initial elementor-widget-mobile__width-initial elementor-widget elementor-widget-image\" data-id=\"7e01216\" data-element_type=\"widget\" data-widget_type=\"image.default\">\n\t\t\t\t<div class=\"elementor-widget-container\">\n\t\t\t\t\t\t\t\t\t\t\t\t\t\t\t<img decoding=\"async\" src=\"https:\/\/nomade-webdesign.com\/wp-content\/uploads\/2026\/02\/yo-scaled.jpg\" title=\"Soy Valentina Burgos\" alt=\"Valentina Burgos\" loading=\"lazy\" \/>\t\t\t\t\t\t\t\t\t\t\t\t\t\t\t<\/div>\n\t\t\t\t<\/div>\n\t\t\t\t<div class=\"elementor-element elementor-element-20113e9 elementor-hidden-mobile elementor-widget elementor-widget-image\" data-id=\"20113e9\" data-element_type=\"widget\" data-widget_type=\"image.default\">\n\t\t\t\t<div class=\"elementor-widget-container\">\n\t\t\t\t\t\t\t\t\t\t\t\t\t\t\t<img decoding=\"async\" width=\"400\" height=\"400\" src=\"https:\/\/nomade-webdesign.com\/wp-content\/uploads\/2022\/12\/expertises.gif\" class=\"attachment-full size-full wp-image-3747\" alt=\"Expertises Nomade Web Design \u00e0 Bordeaux\" \/>\t\t\t\t\t\t\t\t\t\t\t\t\t\t\t<\/div>\n\t\t\t\t<\/div>\n\t\t\t\t\t<\/div>\n\t\t<\/div>\n\t\t\t\t\t<\/div>\n\t\t<\/section>\n\t\t\t\t<section class=\"elementor-section elementor-top-section elementor-element elementor-element-262df7d5 elementor-section-content-middle elementor-section-boxed elementor-section-height-default elementor-section-height-default\" data-id=\"262df7d5\" data-element_type=\"section\" data-settings=\"{&quot;background_background&quot;:&quot;classic&quot;}\">\n\t\t\t\t\t\t<div class=\"elementor-container elementor-column-gap-no\">\n\t\t\t\t\t<div class=\"elementor-column elementor-col-100 elementor-top-column elementor-element elementor-element-940a5e8\" data-id=\"940a5e8\" data-element_type=\"column\">\n\t\t\t<div class=\"elementor-widget-wrap elementor-element-populated\">\n\t\t\t\t\t\t<div class=\"elementor-element elementor-element-6c0fa42e elementor-widget elementor-widget-heading\" data-id=\"6c0fa42e\" data-element_type=\"widget\" data-widget_type=\"heading.default\">\n\t\t\t\t<div class=\"elementor-widget-container\">\n\t\t\t\t\t<h2 class=\"elementor-heading-title elementor-size-default\">\u00bf Tienes algun proyecto en mente ?<\/h2>\t\t\t\t<\/div>\n\t\t\t\t<\/div>\n\t\t\t\t<div class=\"elementor-element elementor-element-315c28d0 elementor-widget elementor-widget-text-editor\" data-id=\"315c28d0\" data-element_type=\"widget\" data-widget_type=\"text-editor.default\">\n\t\t\t\t<div class=\"elementor-widget-container\">\n\t\t\t\t\t\t\t\t\t<p>Cont\u00e1ctame para una oportunidad, una colaboraci\u00f3n, una idea <br \/>o simplemente para decir <span class=\"color-pink\"><strong>hello <\/strong><\/span>! \ud83d\udc4b<\/p>\t\t\t\t\t\t\t\t<\/div>\n\t\t\t\t<\/div>\n\t\t\t\t<div class=\"elementor-element elementor-element-da820fb elementor-align-center elementor-mobile-align-center elementor-widget elementor-widget-button\" data-id=\"da820fb\" data-element_type=\"widget\" data-widget_type=\"button.default\">\n\t\t\t\t<div class=\"elementor-widget-container\">\n\t\t\t\t\t\t\t\t\t<div class=\"elementor-button-wrapper\">\n\t\t\t\t\t<a class=\"elementor-button elementor-button-link elementor-size-sm elementor-animation-grow\" href=\"mailto:nomade.designstudio@gmail.com\">\n\t\t\t\t\t\t<span class=\"elementor-button-content-wrapper\">\n\t\t\t\t\t\t\t\t\t<span class=\"elementor-button-text\">\u00a1Enviame un mensaje!<\/span>\n\t\t\t\t\t<\/span>\n\t\t\t\t\t<\/a>\n\t\t\t\t<\/div>\n\t\t\t\t\t\t\t\t<\/div>\n\t\t\t\t<\/div>\n\t\t\t\t\t<\/div>\n\t\t<\/div>\n\t\t\t\t\t<\/div>\n\t\t<\/section>\n\t\t\t\t<\/div>","protected":false},"excerpt":{"rendered":"<p>Chilienne d\u2019origine, install\u00e9e en France depuis 2019, je suis Designer UI\/UX passionn\u00e9e par la cr\u00e9ation d\u2019exp\u00e9riences digitales intuitives, esth\u00e9tiques et centr\u00e9es sur l\u2019utilisateur. Mon parcours d\u00e9bute dans le journalisme, o\u00f9 j\u2019ai travaill\u00e9 comme reporter pour un quotidien pendant deux ans. Cette exp\u00e9rience m\u2019a permis de d\u00e9velopper un fort sens de l\u2019analyse, de la narration et [&hellip;]<\/p>","protected":false},"author":1,"featured_media":0,"parent":0,"menu_order":0,"comment_status":"closed","ping_status":"closed","template":"elementor_header_footer","meta":{"footnotes":""},"class_list":["post-204","page","type-page","status-publish","hentry"],"_links":{"self":[{"href":"https:\/\/nomade-webdesign.com\/es\/wp-json\/wp\/v2\/pages\/204","targetHints":{"allow":["GET"]}}],"collection":[{"href":"https:\/\/nomade-webdesign.com\/es\/wp-json\/wp\/v2\/pages"}],"about":[{"href":"https:\/\/nomade-webdesign.com\/es\/wp-json\/wp\/v2\/types\/page"}],"author":[{"embeddable":true,"href":"https:\/\/nomade-webdesign.com\/es\/wp-json\/wp\/v2\/users\/1"}],"replies":[{"embeddable":true,"href":"https:\/\/nomade-webdesign.com\/es\/wp-json\/wp\/v2\/comments?post=204"}],"version-history":[{"count":436,"href":"https:\/\/nomade-webdesign.com\/es\/wp-json\/wp\/v2\/pages\/204\/revisions"}],"predecessor-version":[{"id":5700,"href":"https:\/\/nomade-webdesign.com\/es\/wp-json\/wp\/v2\/pages\/204\/revisions\/5700"}],"wp:attachment":[{"href":"https:\/\/nomade-webdesign.com\/es\/wp-json\/wp\/v2\/media?parent=204"}],"curies":[{"name":"wp","href":"https:\/\/api.w.org\/{rel}","templated":true}]}}